{"id":8707,"date":"2023-03-14T21:15:42","date_gmt":"2023-03-14T19:15:42","guid":{"rendered":"https:\/\/misenriquetas.com\/tienda\/aviso-legal\/"},"modified":"2023-09-06T08:28:18","modified_gmt":"2023-09-06T06:28:18","slug":"text-legal","status":"publish","type":"page","link":"https:\/\/misenriquetas.com\/tienda\/text-legal\/","title":{"rendered":"Text Legal"},"content":{"rendered":"\n<p><strong>CONDICIONS D&#8217;\u00daS DE LA WEB<\/strong><\/p>\n\n\n\n<p>Condicions d&#8217;\u00fas del web d&#8217;EL TITULAR<\/p>\n\n\n\n<p><strong>1) IDENTITAT DEL TITULAR DEL WEB<\/strong><\/p>\n\n\n\n<p>MARIA TERESA GUIMER\u00c0 SOL\u00c9 d&#8217;ara endavant EL TITULAR \u00e9s titular d\u2019un negoci mercantil, de nacionalitat espanyola, amb domicili a Pla\u00e7a Homenatge a la Vellesa 5, 08770 Sant Sadurn\u00ed d\u2019Anoia (Barcelona) i tel\u00e8fon 93 891 0922.<\/p>\n\n\n\n<p><strong>2) ACCEPTACI\u00d3 DE LES CONDICIONS D&#8217;\u00daS<\/strong><\/p>\n\n\n\n<p>Aquestes Condicions d&#8217;\u00das tenen per objecte regular l&#8217;\u00fas dels serveis que EL TITULAR posa gratu\u00eftament a disposici\u00f3 dels Usuaris del lloc web misenriquetas.com<\/p>\n\n\n\n<p>EL TITULAR pot oferir a trav\u00e9s d&#8217;aquest, serveis o productes sotmesos a unes condicions particulars pr\u00f2pies que, segons els casos, substitueixen, completen i\/o modifiquen aquestes Condicions, i sobre les quals s&#8217;informar\u00e0 l&#8217;Usuari en cada cas concret.<\/p>\n\n\n\n<p><strong>3) \u00daS CORRECTE DEL LLOC WEB<\/strong><\/p>\n\n\n\n<p>L&#8217;Usuari es compromet a utilitzar el lloc web, els continguts i serveis, de conformitat amb la Llei, aquestes Condicions d&#8217;\u00das, els bons costums i l&#8217;ordre p\u00fablic. De la mateixa manera, l&#8217;Usuari s&#8217;obliga a no utilitzar el lloc web o els serveis que s&#8217;hi prestin, amb fins o efectes il\u00b7l\u00edcits o contraris al contingut de les presents Condicions d&#8217;\u00das, lesius dels interessos o drets de tercers, o que de qualsevol manera puguin danyar, inutilitzar o deteriorar el lloc web o els seus serveis, o impedir-ne un normal gaudi per altres Usuaris.<\/p>\n\n\n\n<p>Aix\u00ed mateix, l&#8217;Usuari es compromet expressament a no destruir, alterar, inutilitzar o, de qualsevol altra manera, danyar les dades, programes o documents electr\u00f2nics i altres que es trobin als llocs web d&#8217;EL TITULAR.<\/p>\n\n\n\n<p>L&#8217;Usuari es compromet a no obstaculitzar l&#8217;acc\u00e9s d&#8217;altres usuaris al servei d&#8217;acc\u00e9s mitjan\u00e7ant el consum massiu dels recursos inform\u00e0tics a trav\u00e9s dels quals EL TITULAR presta el servei, aix\u00ed com fer accions que danyin, interrompin o generin errors en aquests sistemes.<\/p>\n\n\n\n<p>L&#8217;Usuari es compromet a no introduir programes, virus, macros, applets, controls ActiveX o qualsevol altre dispositiu l\u00f2gic o seq\u00fc\u00e8ncia de car\u00e0cters, que causin o siguin susceptibles de causar qualsevol tipus d&#8217;alteraci\u00f3 als sistemes inform\u00e0tics de EL TITULAR o de tercers.<\/p>\n\n\n\n<p><strong>4) PUBLICITAT<\/strong><\/p>\n\n\n\n<p>Part del lloc web pot acollir continguts publicitaris o estar patrocinat. Els anunciants i patrocinadors s\u00f3n els \u00fanics responsables d&#8217;assegurar-se que el material rem\u00e9s per a la seva inclusi\u00f3 al lloc web compleix les lleis que en cada cas puguin ser aplicables. EL TITULAR no ser\u00e0 responsable de qualsevol error, inexactitud o irregularitat que puguin albergar els continguts publicitaris o dels patrocinadors. En tot cas, per interposar qualsevol reclamaci\u00f3 relacionada amb els continguts publicitaris inserits en aquest lloc web podeu adre\u00e7ar-vos a la seg\u00fcent adre\u00e7a de correu electr\u00f2nic: administracio@misenriquetas.com<\/p>\n\n\n\n<p><strong>5) PROPIETAT INTEL\u00b7LECTUAL I INDUSTRIAL<\/strong><\/p>\n\n\n\n<p>Tots els continguts del lloc web, llevat que s&#8217;indiqui el contrari, s\u00f3n titularitat exclusiva d&#8217;EL TITULAR i, amb car\u00e0cter enunciatiu, que no \u00e9s limitatiu, el disseny gr\u00e0fic, codi font, logos, textos, gr\u00e0fics, il\u00b7lustracions, fotografies, i altres elements que apareixen al lloc web. Igualment, tots els noms comercials, marques o signes distintius de qualsevol classe continguts al lloc web estan protegits per la Llei.<\/p>\n\n\n\n<p>EL TITULAR no concedeix cap tipus de llic\u00e8ncia o autoritzaci\u00f3 d&#8217;\u00fas personal a l&#8217;Usuari sobre els seus drets de propietat intel\u00b7lectual i industrial o sobre qualsevol altre dret relacionat amb el lloc web i els serveis que s&#8217;hi ofereixen.<\/p>\n\n\n\n<p>Per aix\u00f2, l&#8217;usuari reconeix que la reproducci\u00f3, distribuci\u00f3, comercialitzaci\u00f3, transformaci\u00f3 i, en general, qualsevol altra forma d&#8217;explotaci\u00f3, per qualsevol procediment, de tot o part dels continguts del lloc web constitueix una infracci\u00f3 dels drets de propietat intel\u00b7lectual i \/o industrial d&#8217;EL TITULAR o del titular dels mateixos.<\/p>\n\n\n\n<p><strong>6) R\u00c8GIM DE RESPONSABILITAT<\/strong><\/p>\n\n\n\n<p>6.1 Responsabilitat per l&#8217;\u00fas del web<\/p>\n\n\n\n<p>L&#8217;Usuari \u00e9s l&#8217;\u00fanic responsable de les infraccions en qu\u00e8 pugui inc\u00f3rrer o dels perjudicis que pugui causar per la utilitzaci\u00f3 del lloc web, quedant EL TITULAR, els seus socis, empreses del grup, col\u00b7laboradors, empleats i representants, exonerats de qualsevol classe de responsabilitat que es pogu\u00e9s derivar per les accions de l&#8217;Usuari.<\/p>\n\n\n\n<p>EL TITULAR emprar\u00e0 tots els esfor\u00e7os i mitjans raonables per facilitar informaci\u00f3 actualitzada i fefaent al lloc web, no obstant, EL TITULAR no assumeix cap garantia en relaci\u00f3 amb l&#8217;abs\u00e8ncia d&#8217;errors, o de possibles inexactituds i\/o omissions en cap dels continguts accessibles a trav\u00e9s d&#8217;aquest web.<\/p>\n\n\n\n<p>L&#8217;Usuari \u00e9s l&#8217;\u00fanic responsable davant de qualsevol reclamaci\u00f3 o acci\u00f3 legal, judicial o extrajudicial, iniciada per terceres persones contra EL TITULAR basada en la utilitzaci\u00f3 per l&#8217;Usuari del lloc web. Si escau, l&#8217;Usuari assumir\u00e0 totes les despeses, els costos i les indemnitzacions que siguin irrogats a EL TITULAR amb motiu d&#8217;aquestes reclamacions o accions legals.<\/p>\n\n\n\n<p>6.2. Responsabilitat pel funcionament del Web<\/p>\n\n\n\n<p>EL TITULAR exclou tota responsabilitat que pugui derivar d&#8217;interfer\u00e8ncies, omissions, interrupcions, virus inform\u00e0tics, avaries telef\u00f2niques o desconnexions en el funcionament operatiu del sistema electr\u00f2nic, motivat per causes alienes a EL TITULAR.<\/p>\n\n\n\n<p>Aix\u00ed mateix, EL TITULAR tamb\u00e9 exclou qualsevol responsabilitat que pogu\u00e9s derivar-se per retards o bloquejos en el funcionament operatiu d&#8217;aquest sistema electr\u00f2nic causat per defici\u00e8ncies o sobre c\u00e0rrega a les l\u00ednies telef\u00f2niques o a Internet, aix\u00ed com de danys causats per terceres persones mitjan\u00e7ant intromissions il\u00b7leg\u00edtimes fora del control del TITULAR.<\/p>\n\n\n\n<p>EL TITULAR est\u00e0 facultat per suspendre temporalment, i sense av\u00eds previ, l&#8217;accessibilitat al lloc web amb motiu d&#8217;operacions de manteniment, reparaci\u00f3, actualitzaci\u00f3 o millora.<\/p>\n\n\n\n<p>6.3. Responsabilitat per links<\/p>\n\n\n\n<p>Els enlla\u00e7os o links continguts al lloc web poden conduir a l&#8217;Usuari a altres llocs web gestionats per tercers.<\/p>\n\n\n\n<p>EL TITULAR declina qualsevol responsabilitat respecte a la informaci\u00f3 que estigui fora del seu lloc web, ja que la funci\u00f3 dels links que apareixen \u00e9s \u00fanicament informar l&#8217;Usuari sobre l&#8217;exist\u00e8ncia d&#8217;altres fonts d&#8217;informaci\u00f3 sobre un tema en concret.<\/p>\n\n\n\n<p>EL TITULAR queda exonerada de tota responsabilitat pel funcionament correcte d&#8217;aquests enlla\u00e7os, del resultat obtingut a trav\u00e9s d&#8217;aquests enlla\u00e7os, de la veracitat i licitud del contingut o informaci\u00f3 a qu\u00e8 es pot accedir, aix\u00ed com dels perjudicis que pugui patir l&#8217;Usuari en virtut de la informaci\u00f3 trobada al lloc web enlla\u00e7at.<\/p>\n\n\n\n<p><strong>7) POL\u00cdTICA RESPECTE A LES DADES PERSONALS OBTINGUDES A TRAV\u00c9S DEL LLOC WEB<\/strong><\/p>\n\n\n\n<p>7.1. A trav\u00e9s de formularis<\/p>\n\n\n\n<p>Sense perjudici del que preveuen cadascun dels formularis del lloc web, quan l&#8217;Usuari faciliti les seves dades de car\u00e0cter personal est\u00e0 autoritzant expressament EL TITULAR al tractament de les seves dades personals per a les finalitats que s&#8217;hi indiquin. EL TITULAR incorporar\u00e0 les dades facilitades per l&#8217;Usuari a un fitxer titularitat degudament comunicat a l&#8217;Ag\u00e8ncia Espanyola de Protecci\u00f3 de Dades. L&#8217;Usuari o el seu representant podr\u00e0 exercir els drets d&#8217;acc\u00e9s, rectificaci\u00f3, cancel\u00b7laci\u00f3 o oposici\u00f3, mitjan\u00e7ant sol\u00b7licitud escrita tramesa a MIS ENRIQUETAS SABATERIES<\/p>\n\n\n\n<p>Pla\u00e7a Homenatge a la Vellesa 5, 08770 Sant Sadurn\u00ed d\u2019Anoia (Barcelona), tel\u00e8fon 93 891 0922 o per e-mail a: administracio@misenriquetas.com<\/p>\n\n\n\n<p>7.2. A trav\u00e9s de Cookies<\/p>\n\n\n\n<p>Aquest web utilitza cookies. Les cookies s\u00f3n petits fitxers de dades que es generen a l&#8217;ordinador de l&#8217;usuari i que ens permeten con\u00e8ixer la informaci\u00f3 seg\u00fcent:<\/p>\n\n\n\n<p>La data i hora de la darrera vegada que l&#8217;Usuari va visitar el lloc web, aix\u00ed com el temps dedicat.<\/p>\n\n\n\n<p>Les p\u00e0gines de destinaci\u00f3 que heu visitat i les accions realitzades en aquestes.<\/p>\n\n\n\n<p>Elements de seguretat que intervenen en el control d\u2019acc\u00e9s a les \u00e0rees restringides.<\/p>\n\n\n\n<p>Aquest web utilitza cookies de Google: Pol\u00edtiques de cookies de Google<\/p>\n\n\n\n<p>7.3. Confidencialitat<\/p>\n\n\n\n<p>EL TITULAR es compromet al compliment de la seva obligaci\u00f3 de secret de les dades de car\u00e0cter personal i del seu deure de guardar-les de forma confidencial i adoptar\u00e0 les mesures necess\u00e0ries per evitar la seva alteraci\u00f3, p\u00e8rdua, tractament o acc\u00e9s no autoritzat, tenint en compte en tot moment del estat de la tecnologia.<\/p>\n\n\n\n<p><strong>8) OBSERVACIONS DE L&#8217;USUARI<\/strong><\/p>\n\n\n\n<p>L&#8217;Usuari garanteix que la informaci\u00f3, material, continguts o observacions que no siguin les seves pr\u00f2pies dades personals i que siguin facilitades a EL TITULAR a trav\u00e9s del lloc web, no infringeixen els drets de propietat intel\u00b7lectual o industrial de tercers, ni cap altra disposici\u00f3 legal. La informaci\u00f3, materials, continguts o observacions que l&#8217;Usuari faciliti a EL TITULAR, es consideraran no confidencials, i EL TITULAR es reserva el dret a usar-los de la manera que consideri m\u00e9s adequada.<\/p>\n\n\n\n<p><strong>9) MODIFICACIONS DE LES CONDICIONS D&#8217;\u00daS<\/strong><\/p>\n\n\n\n<p>EL TITULAR es reserva el dret a modificar, desenvolupar o actualitzar en qualsevol moment i sense notificaci\u00f3 pr\u00e8via, les Condicions d&#8217;\u00das del present lloc web. L&#8217;Usuari queda obligat autom\u00e0ticament per les Condicions d&#8217;\u00das que estiguin vigents en el moment en qu\u00e8 accedeixi al lloc web, per la qual cosa haur\u00e0 de llegir peri\u00f2dicament aquestes Condicions d&#8217;\u00das.<\/p>\n\n\n\n<p><strong>10) LLEI APLICABLE I JURISDICCI\u00d3<\/strong><\/p>\n\n\n\n<p>La relaci\u00f3 entre EL TITULAR i l&#8217;Usuari es regir\u00e0 per la normativa espanyola vigent i qualsevol controv\u00e8rsia se sotmetr\u00e0 als jutjats i als tribunals del domicili d\u2019EL TITULAR<\/p>\n\n\n\n<p><\/p>\n","protected":false},"excerpt":{"rendered":"<p>CONDICIONS D&#8217;\u00daS DE LA WEB Condicions d&#8217;\u00fas del web d&#8217;EL TITULAR 1) IDENTITAT DEL TITULAR DEL WEB MARIA TERESA GUIMER\u00c0 SOL\u00c9 d&#8217;ara endavant EL TITULAR \u00e9s titular d\u2019un negoci mercantil, de nacionalitat espanyola, amb domicili a Pla\u00e7a Homenatge a la Vellesa 5, 08770 Sant Sadurn\u00ed d\u2019Anoia (Barcelona) i tel\u00e8fon 93 891 0922. 2) ACCEPTACI\u00d3 DE &hellip;<\/p>\n<p class=\"read-more\"> <a class=\"\" href=\"https:\/\/misenriquetas.com\/tienda\/text-legal\/\"> <span class=\"screen-reader-text\">Text Legal<\/span> Read More &raquo;<\/a><\/p>\n","protected":false},"author":1,"featured_media":0,"parent":0,"menu_order":0,"comment_status":"closed","ping_status":"closed","template":"","meta":{"_joinchat":[],"footnotes":""},"class_list":["post-8707","page","type-page","status-publish","hentry"],"yoast_head":"<!-- This site is optimized with the Yoast SEO plugin v27.4 - https:\/\/yoast.com\/product\/yoast-seo-wordpress\/ -->\n<title>Text Legal - Mis Enriquetas<\/title>\n<meta name=\"robots\" content=\"index, follow, max-snippet:-1, max-image-preview:large, max-video-preview:-1\" \/>\n<link rel=\"canonical\" href=\"https:\/\/misenriquetas.com\/tienda\/text-legal\/\" \/>\n<meta property=\"og:locale\" content=\"ca_ES\" \/>\n<meta property=\"og:type\" content=\"article\" \/>\n<meta property=\"og:title\" content=\"Text Legal - Mis Enriquetas\" \/>\n<meta property=\"og:description\" content=\"CONDICIONS D&#8217;\u00daS DE LA WEB Condicions d&#8217;\u00fas del web d&#8217;EL TITULAR 1) IDENTITAT DEL TITULAR DEL WEB MARIA TERESA GUIMER\u00c0 SOL\u00c9 d&#8217;ara endavant EL TITULAR \u00e9s titular d\u2019un negoci mercantil, de nacionalitat espanyola, amb domicili a Pla\u00e7a Homenatge a la Vellesa 5, 08770 Sant Sadurn\u00ed d\u2019Anoia (Barcelona) i tel\u00e8fon 93 891 0922. 2) ACCEPTACI\u00d3 DE &hellip; Text Legal Read More &raquo;\" \/>\n<meta property=\"og:url\" content=\"https:\/\/misenriquetas.com\/tienda\/text-legal\/\" \/>\n<meta property=\"og:site_name\" content=\"Mis Enriquetas\" \/>\n<meta property=\"article:publisher\" content=\"https:\/\/www.facebook.com\/misenriquetas\" \/>\n<meta property=\"article:modified_time\" content=\"2023-09-06T06:28:18+00:00\" \/>\n<meta property=\"og:image\" content=\"https:\/\/misenriquetas.com\/tienda\/wp-content\/uploads\/2020\/04\/Logo-Mis-Enriquetas_seguim-caminant_D-e1605631150554.jpg\" \/>\n\t<meta property=\"og:image:width\" content=\"120\" \/>\n\t<meta property=\"og:image:height\" content=\"120\" \/>\n\t<meta property=\"og:image:type\" content=\"image\/jpeg\" \/>\n<meta name=\"twitter:card\" content=\"summary_large_image\" \/>\n<meta name=\"twitter:label1\" content=\"Temps estimat de lectura\" \/>\n\t<meta name=\"twitter:data1\" content=\"8 minuts\" \/>\n<script type=\"application\/ld+json\" class=\"yoast-schema-graph\">{\"@context\":\"https:\\\/\\\/schema.org\",\"@graph\":[{\"@type\":\"WebPage\",\"@id\":\"https:\\\/\\\/misenriquetas.com\\\/tienda\\\/text-legal\\\/\",\"url\":\"https:\\\/\\\/misenriquetas.com\\\/tienda\\\/text-legal\\\/\",\"name\":\"Text Legal - Mis Enriquetas\",\"isPartOf\":{\"@id\":\"https:\\\/\\\/misenriquetas.com\\\/tienda\\\/#website\"},\"datePublished\":\"2023-03-14T19:15:42+00:00\",\"dateModified\":\"2023-09-06T06:28:18+00:00\",\"breadcrumb\":{\"@id\":\"https:\\\/\\\/misenriquetas.com\\\/tienda\\\/text-legal\\\/#breadcrumb\"},\"inLanguage\":\"ca\",\"potentialAction\":[{\"@type\":\"ReadAction\",\"target\":[\"https:\\\/\\\/misenriquetas.com\\\/tienda\\\/text-legal\\\/\"]}]},{\"@type\":\"BreadcrumbList\",\"@id\":\"https:\\\/\\\/misenriquetas.com\\\/tienda\\\/text-legal\\\/#breadcrumb\",\"itemListElement\":[{\"@type\":\"ListItem\",\"position\":1,\"name\":\"Portada\",\"item\":\"https:\\\/\\\/misenriquetas.com\\\/tienda\\\/\"},{\"@type\":\"ListItem\",\"position\":2,\"name\":\"Text Legal\"}]},{\"@type\":\"WebSite\",\"@id\":\"https:\\\/\\\/misenriquetas.com\\\/tienda\\\/#website\",\"url\":\"https:\\\/\\\/misenriquetas.com\\\/tienda\\\/\",\"name\":\"Mis Enriquetas\",\"description\":\"POSEM TOTS ELS ELEMENTS PER A QUE SIGUIS TU\",\"publisher\":{\"@id\":\"https:\\\/\\\/misenriquetas.com\\\/tienda\\\/#organization\"},\"potentialAction\":[{\"@type\":\"SearchAction\",\"target\":{\"@type\":\"EntryPoint\",\"urlTemplate\":\"https:\\\/\\\/misenriquetas.com\\\/tienda\\\/?s={search_term_string}\"},\"query-input\":{\"@type\":\"PropertyValueSpecification\",\"valueRequired\":true,\"valueName\":\"search_term_string\"}}],\"inLanguage\":\"ca\"},{\"@type\":\"Organization\",\"@id\":\"https:\\\/\\\/misenriquetas.com\\\/tienda\\\/#organization\",\"name\":\"mis enriquetas\",\"url\":\"https:\\\/\\\/misenriquetas.com\\\/tienda\\\/\",\"logo\":{\"@type\":\"ImageObject\",\"inLanguage\":\"ca\",\"@id\":\"https:\\\/\\\/misenriquetas.com\\\/tienda\\\/#\\\/schema\\\/logo\\\/image\\\/\",\"url\":\"https:\\\/\\\/misenriquetas.com\\\/tienda\\\/wp-content\\\/uploads\\\/2020\\\/04\\\/Logo-Mis-Enriquetas_seguim-caminant_D-e1605631150554.jpg\",\"contentUrl\":\"https:\\\/\\\/misenriquetas.com\\\/tienda\\\/wp-content\\\/uploads\\\/2020\\\/04\\\/Logo-Mis-Enriquetas_seguim-caminant_D-e1605631150554.jpg\",\"width\":120,\"height\":120,\"caption\":\"mis enriquetas\"},\"image\":{\"@id\":\"https:\\\/\\\/misenriquetas.com\\\/tienda\\\/#\\\/schema\\\/logo\\\/image\\\/\"},\"sameAs\":[\"https:\\\/\\\/www.facebook.com\\\/misenriquetas\",\"https:\\\/\\\/www.instagram.com\\\/mis_enriquetas\\\/\"]}]}<\/script>\n<!-- \/ Yoast SEO plugin. -->","yoast_head_json":{"title":"Text Legal - Mis Enriquetas","robots":{"index":"index","follow":"follow","max-snippet":"max-snippet:-1","max-image-preview":"max-image-preview:large","max-video-preview":"max-video-preview:-1"},"canonical":"https:\/\/misenriquetas.com\/tienda\/text-legal\/","og_locale":"ca_ES","og_type":"article","og_title":"Text Legal - Mis Enriquetas","og_description":"CONDICIONS D&#8217;\u00daS DE LA WEB Condicions d&#8217;\u00fas del web d&#8217;EL TITULAR 1) IDENTITAT DEL TITULAR DEL WEB MARIA TERESA GUIMER\u00c0 SOL\u00c9 d&#8217;ara endavant EL TITULAR \u00e9s titular d\u2019un negoci mercantil, de nacionalitat espanyola, amb domicili a Pla\u00e7a Homenatge a la Vellesa 5, 08770 Sant Sadurn\u00ed d\u2019Anoia (Barcelona) i tel\u00e8fon 93 891 0922. 2) ACCEPTACI\u00d3 DE &hellip; Text Legal Read More &raquo;","og_url":"https:\/\/misenriquetas.com\/tienda\/text-legal\/","og_site_name":"Mis Enriquetas","article_publisher":"https:\/\/www.facebook.com\/misenriquetas","article_modified_time":"2023-09-06T06:28:18+00:00","og_image":[{"width":120,"height":120,"url":"https:\/\/misenriquetas.com\/tienda\/wp-content\/uploads\/2020\/04\/Logo-Mis-Enriquetas_seguim-caminant_D-e1605631150554.jpg","type":"image\/jpeg"}],"twitter_card":"summary_large_image","twitter_misc":{"Temps estimat de lectura":"8 minuts"},"schema":{"@context":"https:\/\/schema.org","@graph":[{"@type":"WebPage","@id":"https:\/\/misenriquetas.com\/tienda\/text-legal\/","url":"https:\/\/misenriquetas.com\/tienda\/text-legal\/","name":"Text Legal - Mis Enriquetas","isPartOf":{"@id":"https:\/\/misenriquetas.com\/tienda\/#website"},"datePublished":"2023-03-14T19:15:42+00:00","dateModified":"2023-09-06T06:28:18+00:00","breadcrumb":{"@id":"https:\/\/misenriquetas.com\/tienda\/text-legal\/#breadcrumb"},"inLanguage":"ca","potentialAction":[{"@type":"ReadAction","target":["https:\/\/misenriquetas.com\/tienda\/text-legal\/"]}]},{"@type":"BreadcrumbList","@id":"https:\/\/misenriquetas.com\/tienda\/text-legal\/#breadcrumb","itemListElement":[{"@type":"ListItem","position":1,"name":"Portada","item":"https:\/\/misenriquetas.com\/tienda\/"},{"@type":"ListItem","position":2,"name":"Text Legal"}]},{"@type":"WebSite","@id":"https:\/\/misenriquetas.com\/tienda\/#website","url":"https:\/\/misenriquetas.com\/tienda\/","name":"Mis Enriquetas","description":"POSEM TOTS ELS ELEMENTS PER A QUE SIGUIS TU","publisher":{"@id":"https:\/\/misenriquetas.com\/tienda\/#organization"},"potentialAction":[{"@type":"SearchAction","target":{"@type":"EntryPoint","urlTemplate":"https:\/\/misenriquetas.com\/tienda\/?s={search_term_string}"},"query-input":{"@type":"PropertyValueSpecification","valueRequired":true,"valueName":"search_term_string"}}],"inLanguage":"ca"},{"@type":"Organization","@id":"https:\/\/misenriquetas.com\/tienda\/#organization","name":"mis enriquetas","url":"https:\/\/misenriquetas.com\/tienda\/","logo":{"@type":"ImageObject","inLanguage":"ca","@id":"https:\/\/misenriquetas.com\/tienda\/#\/schema\/logo\/image\/","url":"https:\/\/misenriquetas.com\/tienda\/wp-content\/uploads\/2020\/04\/Logo-Mis-Enriquetas_seguim-caminant_D-e1605631150554.jpg","contentUrl":"https:\/\/misenriquetas.com\/tienda\/wp-content\/uploads\/2020\/04\/Logo-Mis-Enriquetas_seguim-caminant_D-e1605631150554.jpg","width":120,"height":120,"caption":"mis enriquetas"},"image":{"@id":"https:\/\/misenriquetas.com\/tienda\/#\/schema\/logo\/image\/"},"sameAs":["https:\/\/www.facebook.com\/misenriquetas","https:\/\/www.instagram.com\/mis_enriquetas\/"]}]}},"_links":{"self":[{"href":"https:\/\/misenriquetas.com\/tienda\/wp-json\/wp\/v2\/pages\/8707","targetHints":{"allow":["GET"]}}],"collection":[{"href":"https:\/\/misenriquetas.com\/tienda\/wp-json\/wp\/v2\/pages"}],"about":[{"href":"https:\/\/misenriquetas.com\/tienda\/wp-json\/wp\/v2\/types\/page"}],"author":[{"embeddable":true,"href":"https:\/\/misenriquetas.com\/tienda\/wp-json\/wp\/v2\/users\/1"}],"replies":[{"embeddable":true,"href":"https:\/\/misenriquetas.com\/tienda\/wp-json\/wp\/v2\/comments?post=8707"}],"version-history":[{"count":4,"href":"https:\/\/misenriquetas.com\/tienda\/wp-json\/wp\/v2\/pages\/8707\/revisions"}],"predecessor-version":[{"id":15527,"href":"https:\/\/misenriquetas.com\/tienda\/wp-json\/wp\/v2\/pages\/8707\/revisions\/15527"}],"wp:attachment":[{"href":"https:\/\/misenriquetas.com\/tienda\/wp-json\/wp\/v2\/media?parent=8707"}],"curies":[{"name":"wp","href":"https:\/\/api.w.org\/{rel}","templated":true}]}}